{"id":383,"date":"2012-01-30T10:04:22","date_gmt":"2012-01-30T10:04:22","guid":{"rendered":"http:\/\/thailand.kreuzbergblog.de\/?page_id=383"},"modified":"2013-11-04T12:09:58","modified_gmt":"2013-11-04T12:09:58","slug":"gastebuch","status":"publish","type":"page","link":"https:\/\/www.thailand-mit-kindern.de\/?page_id=383","title":{"rendered":"G\u00e4stebuch"},"content":{"rendered":"<p>Liebe Leser,<\/p>\n<p>seid ihr selber mit Kindern durch Thailand gereist und m\u00f6chtet \u00fcber eure Erlebnisse berichten?<\/p>\n<p>Oder habt ihr Anmerkungen oder Kritik zu dieser Seite?<\/p>\n<p>Ich freue mich \u00fcber euer Feedback, welches ihr hier &#8211; siehe ganz unten auf der Seite &#8211; ver\u00f6ffentlichen k\u00f6nnt:<\/p>\n","protected":false},"excerpt":{"rendered":"<p>Liebe Leser, seid ihr selber mit Kindern durch Thailand gereist und m\u00f6chtet \u00fcber eure Erlebnisse berichten? Oder habt ihr Anmerkungen oder Kritik zu dieser Seite? Ich freue mich \u00fcber euer Feedback, welches ihr hier &#8211; siehe ganz unten auf der &hellip; <a href=\"https:\/\/www.thailand-mit-kindern.de\/?page_id=383\">Weiterlesen <span class=\"meta-nav\">&rarr;<\/span><\/a><\/p>\n","protected":false},"author":2,"featured_media":0,"parent":0,"menu_order":0,"comment_status":"open","ping_status":"open","template":"","meta":{"footnotes":""},"yoast_head":"<!-- This site is optimized with the Yoast SEO plugin v19.9 - https:\/\/yoast.com\/wordpress\/plugins\/seo\/ -->\n<title>G\u00e4stebuch - Thailand mit Kindern<\/title>\n<meta name=\"robots\" content=\"index, follow, max-snippet:-1, max-image-preview:large, max-video-preview:-1\" \/>\n<link rel=\"canonical\" href=\"https:\/\/www.thailand-mit-kindern.de\/?page_id=383\" \/>\n<meta property=\"og:locale\" content=\"de_DE\" \/>\n<meta property=\"og:type\" content=\"article\" \/>\n<meta property=\"og:title\" content=\"G\u00e4stebuch - Thailand mit Kindern\" \/>\n<meta property=\"og:description\" content=\"Liebe Leser, seid ihr selber mit Kindern durch Thailand gereist und m\u00f6chtet \u00fcber eure Erlebnisse berichten? Oder habt ihr Anmerkungen oder Kritik zu dieser Seite? Ich freue mich \u00fcber euer Feedback, welches ihr hier &#8211; siehe ganz unten auf der &hellip; Weiterlesen &rarr;\" \/>\n<meta property=\"og:url\" content=\"https:\/\/www.thailand-mit-kindern.de\/?page_id=383\" \/>\n<meta property=\"og:site_name\" content=\"Thailand mit Kindern\" \/>\n<meta property=\"article:modified_time\" content=\"2013-11-04T12:09:58+00:00\" \/>\n<meta name=\"twitter:card\" content=\"summary_large_image\" \/>\n<script type=\"application\/ld+json\" class=\"yoast-schema-graph\">{\"@context\":\"https:\/\/schema.org\",\"@graph\":[{\"@type\":\"WebPage\",\"@id\":\"https:\/\/www.thailand-mit-kindern.de\/?page_id=383\",\"url\":\"https:\/\/www.thailand-mit-kindern.de\/?page_id=383\",\"name\":\"G\u00e4stebuch - Thailand mit Kindern\",\"isPartOf\":{\"@id\":\"https:\/\/www.thailand-mit-kindern.de\/#website\"},\"datePublished\":\"2012-01-30T10:04:22+00:00\",\"dateModified\":\"2013-11-04T12:09:58+00:00\",\"breadcrumb\":{\"@id\":\"https:\/\/www.thailand-mit-kindern.de\/?page_id=383#breadcrumb\"},\"inLanguage\":\"de\",\"potentialAction\":[{\"@type\":\"ReadAction\",\"target\":[\"https:\/\/www.thailand-mit-kindern.de\/?page_id=383\"]}]},{\"@type\":\"BreadcrumbList\",\"@id\":\"https:\/\/www.thailand-mit-kindern.de\/?page_id=383#breadcrumb\",\"itemListElement\":[{\"@type\":\"ListItem\",\"position\":1,\"name\":\"Startseite\",\"item\":\"https:\/\/www.thailand-mit-kindern.de\/\"},{\"@type\":\"ListItem\",\"position\":2,\"name\":\"G\u00e4stebuch\"}]},{\"@type\":\"WebSite\",\"@id\":\"https:\/\/www.thailand-mit-kindern.de\/#website\",\"url\":\"https:\/\/www.thailand-mit-kindern.de\/\",\"name\":\"Thailand mit Kindern\",\"description\":\"Der Sonne entgegen\",\"potentialAction\":[{\"@type\":\"SearchAction\",\"target\":{\"@type\":\"EntryPoint\",\"urlTemplate\":\"https:\/\/www.thailand-mit-kindern.de\/?s={search_term_string}\"},\"query-input\":\"required name=search_term_string\"}],\"inLanguage\":\"de\"}]}<\/script>\n<!-- \/ Yoast SEO plugin. -->","yoast_head_json":{"title":"G\u00e4stebuch - Thailand mit Kindern","robots":{"index":"index","follow":"follow","max-snippet":"max-snippet:-1","max-image-preview":"max-image-preview:large","max-video-preview":"max-video-preview:-1"},"canonical":"https:\/\/www.thailand-mit-kindern.de\/?page_id=383","og_locale":"de_DE","og_type":"article","og_title":"G\u00e4stebuch - Thailand mit Kindern","og_description":"Liebe Leser, seid ihr selber mit Kindern durch Thailand gereist und m\u00f6chtet \u00fcber eure Erlebnisse berichten? Oder habt ihr Anmerkungen oder Kritik zu dieser Seite? Ich freue mich \u00fcber euer Feedback, welches ihr hier &#8211; siehe ganz unten auf der &hellip; Weiterlesen &rarr;","og_url":"https:\/\/www.thailand-mit-kindern.de\/?page_id=383","og_site_name":"Thailand mit Kindern","article_modified_time":"2013-11-04T12:09:58+00:00","twitter_card":"summary_large_image","schema":{"@context":"https:\/\/schema.org","@graph":[{"@type":"WebPage","@id":"https:\/\/www.thailand-mit-kindern.de\/?page_id=383","url":"https:\/\/www.thailand-mit-kindern.de\/?page_id=383","name":"G\u00e4stebuch - Thailand mit Kindern","isPartOf":{"@id":"https:\/\/www.thailand-mit-kindern.de\/#website"},"datePublished":"2012-01-30T10:04:22+00:00","dateModified":"2013-11-04T12:09:58+00:00","breadcrumb":{"@id":"https:\/\/www.thailand-mit-kindern.de\/?page_id=383#breadcrumb"},"inLanguage":"de","potentialAction":[{"@type":"ReadAction","target":["https:\/\/www.thailand-mit-kindern.de\/?page_id=383"]}]},{"@type":"BreadcrumbList","@id":"https:\/\/www.thailand-mit-kindern.de\/?page_id=383#breadcrumb","itemListElement":[{"@type":"ListItem","position":1,"name":"Startseite","item":"https:\/\/www.thailand-mit-kindern.de\/"},{"@type":"ListItem","position":2,"name":"G\u00e4stebuch"}]},{"@type":"WebSite","@id":"https:\/\/www.thailand-mit-kindern.de\/#website","url":"https:\/\/www.thailand-mit-kindern.de\/","name":"Thailand mit Kindern","description":"Der Sonne entgegen","potentialAction":[{"@type":"SearchAction","target":{"@type":"EntryPoint","urlTemplate":"https:\/\/www.thailand-mit-kindern.de\/?s={search_term_string}"},"query-input":"required name=search_term_string"}],"inLanguage":"de"}]}},"_links":{"self":[{"href":"https:\/\/www.thailand-mit-kindern.de\/index.php?rest_route=\/wp\/v2\/pages\/383"}],"collection":[{"href":"https:\/\/www.thailand-mit-kindern.de\/index.php?rest_route=\/wp\/v2\/pages"}],"about":[{"href":"https:\/\/www.thailand-mit-kindern.de\/index.php?rest_route=\/wp\/v2\/types\/page"}],"author":[{"embeddable":true,"href":"https:\/\/www.thailand-mit-kindern.de\/index.php?rest_route=\/wp\/v2\/users\/2"}],"replies":[{"embeddable":true,"href":"https:\/\/www.thailand-mit-kindern.de\/index.php?rest_route=%2Fwp%2Fv2%2Fcomments&post=383"}],"version-history":[{"count":4,"href":"https:\/\/www.thailand-mit-kindern.de\/index.php?rest_route=\/wp\/v2\/pages\/383\/revisions"}],"predecessor-version":[{"id":501,"href":"https:\/\/www.thailand-mit-kindern.de\/index.php?rest_route=\/wp\/v2\/pages\/383\/revisions\/501"}],"wp:attachment":[{"href":"https:\/\/www.thailand-mit-kindern.de\/index.php?rest_route=%2Fwp%2Fv2%2Fmedia&parent=383"}],"curies":[{"name":"wp","href":"https:\/\/api.w.org\/{rel}","templated":true}]}}