{"id":377,"date":"2012-01-30T09:56:48","date_gmt":"2012-01-30T09:56:48","guid":{"rendered":"http:\/\/thailand.kreuzbergblog.de\/?page_id=377"},"modified":"2017-06-02T09:34:50","modified_gmt":"2017-06-02T09:34:50","slug":"risiken-und-gefahren","status":"publish","type":"page","link":"https:\/\/www.thailand-mit-kindern.de\/?page_id=377","title":{"rendered":"Risiken und Gefahren"},"content":{"rendered":"<p>Der erste Gedanke von Eltern mit kleinen Kindern bei der Planung einer exotischen Reise sind nat\u00fcrlich die m\u00f6glichen Gefahren, und ob eine solche Reise angesichts der Risiken vertretbar ist.<\/p>\n<p><strong>Meine pers\u00f6nliche Meinung hierzu ist: Eine Reise nach Thailand mit Kindern IST vertretbar und, wenn man gewisse Vorsichtsma\u00dfnahmen trift, auch nicht viel riskanter als Urlaub in Europa.<\/strong><\/p>\n<p>Dennoch sollte man sich die Risiken bewusst machen und sich entsprechend verhalten:<\/p>\n<p><strong>Unfall<\/strong><\/p>\n<p>Das gr\u00f6\u00dfte und tats\u00e4chlich im Vergleich zu Europa deutlich erh\u00f6hte Risiko f\u00fcr die Kinder ist ein Unfall, denn &#8222;kindersicher&#8220; ist ein Fremdwort in Thailand: In Geb\u00e4uden fehlen bei Treppen und Terrassen die Gel\u00e4nder (<a href=\"https:\/\/www.facebook.com\/ThaiVisaNews\/videos\/10154814332803012\/\" target=\"_blank\" rel=\"noopener noreferrer\">Video<\/a>), im \u00f6ffentlichen Stra\u00dfenland tun sich pl\u00f6tzlich <img decoding=\"async\" loading=\"lazy\" class=\"alignright wp-image-515 size-medium\" src=\"https:\/\/www.thailand-mit-kindern.de\/wp-content\/uploads\/2012\/01\/unfallstatistik-234x300.jpg\" alt=\"unfallstatistik\" width=\"234\" height=\"300\" srcset=\"https:\/\/www.thailand-mit-kindern.de\/wp-content\/uploads\/2012\/01\/unfallstatistik-234x300.jpg 234w, https:\/\/www.thailand-mit-kindern.de\/wp-content\/uploads\/2012\/01\/unfallstatistik.jpg 757w\" sizes=\"(max-width: 234px) 100vw, 234px\" \/>L\u00f6cher zur Kanalisation auf, Baugruben und Wasserl\u00e4ufe sind nicht umz\u00e4unt, und der Stra\u00dfen- und Schiffsverkehr ist, zur\u00fcckhaltend formuliert, unfalltr\u00e4chtig.<\/p>\n<p>Als Gegenma\u00dfnahme hilft es nur, tats\u00e4chlich besser auf seine Kinder aufzupassen als in Europa, und immer im Vorfeld zu untersuchen, ob der gew\u00e4hlte &#8222;Spielplatz&#8220; auch sicher genug ist.<\/p>\n<p>Weiterhin sollte man sich gut \u00fcberlegen, welches Verkehrsmittel man w\u00e4hlt. Das Slow-Boat ist ein Zweifelsfall vielleicht doch besser geeignet &#8211; und entspannender &#8211; als das <a href=\"https:\/\/www.thailand-mit-kindern.de\/?p=253\">Speed-Boat<\/a>, eine Fahrt mit dem Zug besser als mit dem Bus, und bevor man sich auf eine zw\u00f6lfst\u00fcndige Fahrt vom S\u00fcden nach Bangkok mit einem privaten <a href=\"https:\/\/www.thailand-mit-kindern.de\/?p=253\">Minibus <\/a>einl\u00e4sst sollte man vielleicht doch besser fliegen.<\/p>\n<p>Ganz besondere Vorsicht gilt bei der Fahrt mit dem gemieteten Moped &#8211; hier kann ganz schnell die ganze Familie im Krankenhaus landen. Ich selber habe jeden Tag <a href=\"https:\/\/www.thailand-mit-kindern.de\/?p=217\">meine Kinder mit dem &#8222;Motorbike&#8220; \u00fcber die Insel kutschiert<\/a>, aber die Tachonadel hat dabei niemals 20 km\/h \u00fcberschritten&#8230;<\/p>\n<p><strong>Kindesverlust<\/strong><\/p>\n<p>Der Alptraum aller Eltern: Im Gedr\u00e4nge eines Bangkoker Marktes geht ein Kind verloren! In diesem Fall gilt der wichtigste Tipp aller Interkontinental- und <a href=\"http:\/\/www.amazon.de\/Hitchhikers-Guide-Galaxy-Douglas-Adams\/dp\/0345391802\/ref=sr_1_1?ie=UTF8&amp;qid=1328015019&amp;sr=8-1\">Weltraum-Reisenden<\/a>: Don&#8217;t Panik. Weinende, hilflose Kinder werden auch in Bangkok nicht einfach geklaut, sondern Einheimische oder andere Touristen werden sich des Kindes annehmen und versuchen, die Eltern zu finden. Hier jedoch offenbaren sich zwei Probleme: Verst\u00e4ndigung und Erreichbarkeit. Beide Probleme lassen sich recht einfach l\u00f6sen, indem man den Kindern f\u00fcr alle F\u00e4lle eine Kontaktm\u00f6glichkeit mitgibt:<\/p>\n<p>Die einfachste M\u00f6glichkeit ist es, Handynummer und Email-Adresse der Eltern mit einem wasserfestem Stift auf dem Kind zu verewigen.<\/p>\n<p>Etwas eleganter ist bereits ein sog. <a href=\"http:\/\/www.sosarmband.de\/\" target=\"_blank\" rel=\"noopener noreferrer\">SOS-Armband<\/a>, welches vielleicht auch noch gut aussieht und deshalb von den Kindern gern getragen wird. Solche Armb\u00e4nder gibt es in Apotheken oder online.<\/p>\n<p>Die Meister unter den Weltreisenden h\u00e4ngen den Kindern gleich eine Kette mit Anh\u00e4nger um, wo Name und Kontaktdaten eingraviert oder eingestanzt sind, z.B. ein milit\u00e4risches <a href=\"http:\/\/www.erkennungsmarken.de\/dogtags\" target=\"_blank\" rel=\"noopener noreferrer\">Dogtag<\/a>!<\/p>\n<p><strong>Krankheit<\/strong><\/p>\n<p>Das Risiko einer Krankheit besteht nat\u00fcrlich, ist aber nicht so signifikant, dass man von einer Reise mit Kindern abraten m\u00fcsste.<\/p>\n<p>Ihr solltet auf jeden Fall darauf achten, dass die Kinder ordentlich durchgeimpft sind (siehe auch die Tipps auf der Seite &#8222;<a href=\"https:\/\/www.thailand-mit-kindern.de\/?page_id=375\" target=\"_blank\" rel=\"noopener noreferrer\">Thailand mit Kindern<\/a>&#8222;).<\/p>\n<p>Die h\u00e4ufigste Urlaubserkrankung <a href=\"http:\/\/de.wikipedia.org\/wiki\/Durchfall\" target=\"_blank\" rel=\"noopener noreferrer\">Diarrhoe (&#8222;Durchfall&#8220;)<\/a> geht meistens nach ein bis zwei Tagen von allein vorbei, und oft gen\u00fcgt es, viel Wasser zu trinken, ggf. versetzt mit Salz und Zucker (z.B. Cola und Boullion).<\/p>\n<p>Wer in Malaria-Gebiete reist sollte auf jeden Fall eine Standby-Prophylaxe dabei haben. Das beste Mittel gegen Malaria wie auch gegen Dengue und Japanische B-encephalitis ist allerdings, sich nicht stechen zu lassen. Leider gestaltet sich diese Empfehlung oft schwierig, siehe auch die Tipps auf der Seite &#8222;<a href=\"https:\/\/www.thailand-mit-kindern.de\/?page_id=375\" target=\"_blank\" rel=\"noopener noreferrer\">Thailand mit Kindern<\/a>&#8222;.<\/p>\n<p>Das Risiko einer <em>Tollwut<\/em>-Infektion ist verh\u00e4ltnism\u00e4\u00dfig gering, wenn die Krankheit jedoch einmal ausbricht verl\u00e4uft sie immer t\u00f6dlich. Wer \u00fcber keinen Impfschutz verf\u00fcgt (welcher f\u00fcr Kurzzeit-Touristen auch nicht zwingend empfohlen wird) MUSS innerhalb von 24 Stunden ein Krankenhaus aufsuchen wenn er von einem Tier gebissen wurde!<\/p>\n<p>Die medizinische Versorgung ist in Thailand relativ gut ausgebaut, und es findet sich fast immer ein Arzt oder ein Krankenhaus in der N\u00e4he.<\/p>\n<p><span style=\"color: #ff0000;\"><strong>Der Abschluss einer Auslands-Krankenversicherung ist ein Muss!<\/strong><\/span> Sie kostet nur sehr wenig Geld (10-20 \u20ac \/ Jahr f\u00fcr die ganze Familie) und bietet neben der Erstattung der Behandlungskosten auch weitere Dienste wie z.B. eine Hotline zur Koordination medizinischer Hilfeleistungen oder Krankenr\u00fccktransport nach Europa!<\/p>\n<p><strong>Sonne<\/strong><\/p>\n<p>Untersch\u00e4tzt niemals die thail\u00e4ndische Sonne! Schon 15-20 Minuten ungesch\u00fctzte, direkte Sonneneinstrahlung kann euch einen schlimmen Sonnenbrand bescheren, und das sollte man &#8211; ganz besonders bei den Kindern &#8211; aufgrund der akuten Verbrennung und der gesundheitlichen Langzeit-Sch\u00e4den unbedingt vermeiden!<a href=\"https:\/\/www.thailand-mit-kindern.de\/wp-content\/uploads\/2012\/01\/15284029_788325741305171_7484103620069029843_n.jpg\"><img decoding=\"async\" loading=\"lazy\" class=\"size-medium wp-image-525 alignnone\" src=\"https:\/\/www.thailand-mit-kindern.de\/wp-content\/uploads\/2012\/01\/15284029_788325741305171_7484103620069029843_n-293x300.jpg\" alt=\"\" width=\"293\" height=\"300\" srcset=\"https:\/\/www.thailand-mit-kindern.de\/wp-content\/uploads\/2012\/01\/15284029_788325741305171_7484103620069029843_n-293x300.jpg 293w, https:\/\/www.thailand-mit-kindern.de\/wp-content\/uploads\/2012\/01\/15284029_788325741305171_7484103620069029843_n.jpg 480w\" sizes=\"(max-width: 293px) 100vw, 293px\" \/><\/a><\/p>\n<p>(Quelle: Facebook-Seite &#8222;<a href=\"https:\/\/www.facebook.com\/MeanwhileinThailandPage\">Meanwhile in Thailand<\/a>&#8222;)<\/p>\n<p><strong>Gewalt \/ Entf\u00fchrung \/ Terrorismus<\/strong><\/p>\n<p>Das Risiko von Gewalt oder gar Kindesentf\u00fchrung ist in Thailand sicherlich nicht h\u00f6her als zuhause. Lediglich bei Reisen in Krisenregionen an den Grenzen zu Myanmar, Kambodscha oder Malaysia ist Vorsicht geboten &#8211; hierzu geben die <a href=\"http:\/\/www.auswaertiges-amt.de\/sid_C631D789FC31D02895896D7F67F81DBC\/DE\/Laenderinformationen\/00-SiHi\/Nodes\/ThailandSicherheit_node.html\" target=\"_blank\" rel=\"noopener noreferrer\">Reise- und Sicherheitshinweise des Ausw\u00e4rtigen Amtes<\/a> weitere Auskunft.<\/p>\n<p><strong>Mein wichtigster Tipp jedoch ist: Macht euch nicht verr\u00fcckt! Wenn ihr erstmal auf eurer Trauminsel unter Palmen angekommen seid werdet ihr feststellen, dass ihr euch wahrscheinlich viel zu viele Sorgen gemacht habt! \ud83d\ude42<\/strong><\/p>\n","protected":false},"excerpt":{"rendered":"<p>Der erste Gedanke von Eltern mit kleinen Kindern bei der Planung einer exotischen Reise sind nat\u00fcrlich die m\u00f6glichen Gefahren, und ob eine solche Reise angesichts der Risiken vertretbar ist. Meine pers\u00f6nliche Meinung hierzu ist: Eine Reise nach Thailand mit Kindern &hellip; <a href=\"https:\/\/www.thailand-mit-kindern.de\/?page_id=377\">Weiterlesen <span class=\"meta-nav\">&rarr;<\/span><\/a><\/p>\n","protected":false},"author":2,"featured_media":0,"parent":0,"menu_order":0,"comment_status":"closed","ping_status":"closed","template":"sidebar-page.php","meta":{"footnotes":""},"yoast_head":"<!-- This site is optimized with the Yoast SEO plugin v19.9 - https:\/\/yoast.com\/wordpress\/plugins\/seo\/ -->\n<title>Risiken und Gefahren - Thailand mit Kindern<\/title>\n<meta name=\"robots\" content=\"index, follow, max-snippet:-1, max-image-preview:large, max-video-preview:-1\" \/>\n<link rel=\"canonical\" href=\"https:\/\/www.thailand-mit-kindern.de\/?page_id=377\" \/>\n<meta property=\"og:locale\" content=\"de_DE\" \/>\n<meta property=\"og:type\" content=\"article\" \/>\n<meta property=\"og:title\" content=\"Risiken und Gefahren - Thailand mit Kindern\" \/>\n<meta property=\"og:description\" content=\"Der erste Gedanke von Eltern mit kleinen Kindern bei der Planung einer exotischen Reise sind nat\u00fcrlich die m\u00f6glichen Gefahren, und ob eine solche Reise angesichts der Risiken vertretbar ist. Meine pers\u00f6nliche Meinung hierzu ist: Eine Reise nach Thailand mit Kindern &hellip; Weiterlesen &rarr;\" \/>\n<meta property=\"og:url\" content=\"https:\/\/www.thailand-mit-kindern.de\/?page_id=377\" \/>\n<meta property=\"og:site_name\" content=\"Thailand mit Kindern\" \/>\n<meta property=\"article:modified_time\" content=\"2017-06-02T09:34:50+00:00\" \/>\n<meta property=\"og:image\" content=\"http:\/\/www.thailand-mit-kindern.de\/wp-content\/uploads\/2012\/01\/unfallstatistik-234x300.jpg\" \/>\n<meta name=\"twitter:card\" content=\"summary_large_image\" \/>\n<meta name=\"twitter:label1\" content=\"Gesch\u00e4tzte Lesezeit\" \/>\n\t<meta name=\"twitter:data1\" content=\"4\u00a0Minuten\" \/>\n<script type=\"application\/ld+json\" class=\"yoast-schema-graph\">{\"@context\":\"https:\/\/schema.org\",\"@graph\":[{\"@type\":\"WebPage\",\"@id\":\"https:\/\/www.thailand-mit-kindern.de\/?page_id=377\",\"url\":\"https:\/\/www.thailand-mit-kindern.de\/?page_id=377\",\"name\":\"Risiken und Gefahren - Thailand mit Kindern\",\"isPartOf\":{\"@id\":\"https:\/\/www.thailand-mit-kindern.de\/#website\"},\"datePublished\":\"2012-01-30T09:56:48+00:00\",\"dateModified\":\"2017-06-02T09:34:50+00:00\",\"breadcrumb\":{\"@id\":\"https:\/\/www.thailand-mit-kindern.de\/?page_id=377#breadcrumb\"},\"inLanguage\":\"de\",\"potentialAction\":[{\"@type\":\"ReadAction\",\"target\":[\"https:\/\/www.thailand-mit-kindern.de\/?page_id=377\"]}]},{\"@type\":\"BreadcrumbList\",\"@id\":\"https:\/\/www.thailand-mit-kindern.de\/?page_id=377#breadcrumb\",\"itemListElement\":[{\"@type\":\"ListItem\",\"position\":1,\"name\":\"Startseite\",\"item\":\"https:\/\/www.thailand-mit-kindern.de\/\"},{\"@type\":\"ListItem\",\"position\":2,\"name\":\"Risiken und Gefahren\"}]},{\"@type\":\"WebSite\",\"@id\":\"https:\/\/www.thailand-mit-kindern.de\/#website\",\"url\":\"https:\/\/www.thailand-mit-kindern.de\/\",\"name\":\"Thailand mit Kindern\",\"description\":\"Der Sonne entgegen\",\"potentialAction\":[{\"@type\":\"SearchAction\",\"target\":{\"@type\":\"EntryPoint\",\"urlTemplate\":\"https:\/\/www.thailand-mit-kindern.de\/?s={search_term_string}\"},\"query-input\":\"required name=search_term_string\"}],\"inLanguage\":\"de\"}]}<\/script>\n<!-- \/ Yoast SEO plugin. -->","yoast_head_json":{"title":"Risiken und Gefahren - Thailand mit Kindern","robots":{"index":"index","follow":"follow","max-snippet":"max-snippet:-1","max-image-preview":"max-image-preview:large","max-video-preview":"max-video-preview:-1"},"canonical":"https:\/\/www.thailand-mit-kindern.de\/?page_id=377","og_locale":"de_DE","og_type":"article","og_title":"Risiken und Gefahren - Thailand mit Kindern","og_description":"Der erste Gedanke von Eltern mit kleinen Kindern bei der Planung einer exotischen Reise sind nat\u00fcrlich die m\u00f6glichen Gefahren, und ob eine solche Reise angesichts der Risiken vertretbar ist. Meine pers\u00f6nliche Meinung hierzu ist: Eine Reise nach Thailand mit Kindern &hellip; Weiterlesen &rarr;","og_url":"https:\/\/www.thailand-mit-kindern.de\/?page_id=377","og_site_name":"Thailand mit Kindern","article_modified_time":"2017-06-02T09:34:50+00:00","og_image":[{"url":"http:\/\/www.thailand-mit-kindern.de\/wp-content\/uploads\/2012\/01\/unfallstatistik-234x300.jpg"}],"twitter_card":"summary_large_image","twitter_misc":{"Gesch\u00e4tzte Lesezeit":"4\u00a0Minuten"},"schema":{"@context":"https:\/\/schema.org","@graph":[{"@type":"WebPage","@id":"https:\/\/www.thailand-mit-kindern.de\/?page_id=377","url":"https:\/\/www.thailand-mit-kindern.de\/?page_id=377","name":"Risiken und Gefahren - Thailand mit Kindern","isPartOf":{"@id":"https:\/\/www.thailand-mit-kindern.de\/#website"},"datePublished":"2012-01-30T09:56:48+00:00","dateModified":"2017-06-02T09:34:50+00:00","breadcrumb":{"@id":"https:\/\/www.thailand-mit-kindern.de\/?page_id=377#breadcrumb"},"inLanguage":"de","potentialAction":[{"@type":"ReadAction","target":["https:\/\/www.thailand-mit-kindern.de\/?page_id=377"]}]},{"@type":"BreadcrumbList","@id":"https:\/\/www.thailand-mit-kindern.de\/?page_id=377#breadcrumb","itemListElement":[{"@type":"ListItem","position":1,"name":"Startseite","item":"https:\/\/www.thailand-mit-kindern.de\/"},{"@type":"ListItem","position":2,"name":"Risiken und Gefahren"}]},{"@type":"WebSite","@id":"https:\/\/www.thailand-mit-kindern.de\/#website","url":"https:\/\/www.thailand-mit-kindern.de\/","name":"Thailand mit Kindern","description":"Der Sonne entgegen","potentialAction":[{"@type":"SearchAction","target":{"@type":"EntryPoint","urlTemplate":"https:\/\/www.thailand-mit-kindern.de\/?s={search_term_string}"},"query-input":"required name=search_term_string"}],"inLanguage":"de"}]}},"_links":{"self":[{"href":"https:\/\/www.thailand-mit-kindern.de\/index.php?rest_route=\/wp\/v2\/pages\/377"}],"collection":[{"href":"https:\/\/www.thailand-mit-kindern.de\/index.php?rest_route=\/wp\/v2\/pages"}],"about":[{"href":"https:\/\/www.thailand-mit-kindern.de\/index.php?rest_route=\/wp\/v2\/types\/page"}],"author":[{"embeddable":true,"href":"https:\/\/www.thailand-mit-kindern.de\/index.php?rest_route=\/wp\/v2\/users\/2"}],"replies":[{"embeddable":true,"href":"https:\/\/www.thailand-mit-kindern.de\/index.php?rest_route=%2Fwp%2Fv2%2Fcomments&post=377"}],"version-history":[{"count":26,"href":"https:\/\/www.thailand-mit-kindern.de\/index.php?rest_route=\/wp\/v2\/pages\/377\/revisions"}],"predecessor-version":[{"id":526,"href":"https:\/\/www.thailand-mit-kindern.de\/index.php?rest_route=\/wp\/v2\/pages\/377\/revisions\/526"}],"wp:attachment":[{"href":"https:\/\/www.thailand-mit-kindern.de\/index.php?rest_route=%2Fwp%2Fv2%2Fmedia&parent=377"}],"curies":[{"name":"wp","href":"https:\/\/api.w.org\/{rel}","templated":true}]}}