{"id":375,"date":"2012-01-30T09:56:35","date_gmt":"2012-01-30T09:56:35","guid":{"rendered":"http:\/\/thailand.kreuzbergblog.de\/?page_id=375"},"modified":"2014-12-14T16:12:48","modified_gmt":"2014-12-14T16:12:48","slug":"thailand-mit-kindern","status":"publish","type":"page","link":"https:\/\/www.thailand-mit-kindern.de\/?page_id=375","title":{"rendered":"Thailand mit Kindern"},"content":{"rendered":"<p><strong>Thailand mit (vielleicht sogar kleinen) Kindern? Definitiv ja!<\/strong><\/p>\n<p><a href=\"https:\/\/www.thailand-mit-kindern.de\/wp-content\/uploads\/2012\/01\/IMG_3392bb.jpg\"><img decoding=\"async\" loading=\"lazy\" class=\"alignleft size-medium wp-image-450\" title=\"IMG_3392bb\" src=\"http:\/\/thailand-mit-kindern.de\/wp-content\/uploads\/2012\/01\/IMG_3392bb-300x199.jpg\" alt=\"\" width=\"300\" height=\"199\" srcset=\"https:\/\/www.thailand-mit-kindern.de\/wp-content\/uploads\/2012\/01\/IMG_3392bb-300x199.jpg 300w, https:\/\/www.thailand-mit-kindern.de\/wp-content\/uploads\/2012\/01\/IMG_3392bb-1024x682.jpg 1024w, https:\/\/www.thailand-mit-kindern.de\/wp-content\/uploads\/2012\/01\/IMG_3392bb-450x300.jpg 450w\" sizes=\"(max-width: 300px) 100vw, 300px\" \/><\/a>Wir waren bereits vor unserem <a href=\"https:\/\/www.thailand-mit-kindern.de\/?cat=1\" target=\"_blank\">dreiw\u00f6chigem Urlaub 2012<\/a> zweimal &#8211; ohne Kinder &#8211; in Thailand, aber nie war es so sch\u00f6n wie dieses Mal.<\/p>\n<p>Zun\u00e4chst einmal macht Urlaub mit Kindern einfach Spa\u00df &#8211; f\u00fcr Kinderaugen gibt es vieles zu entdecken was uns viellleicht gar nicht mehr begeistern w\u00fcrde, und \u00fcberhaupt haben wir die viele freie Zeit mit den Kleinen einfach genossen.<\/p>\n<p>Au\u00dferdem ist Thailand ein kinderfreundliches Land &#8211; Kinder sind immer und \u00fcberall\u00a0 dabei und werden fast nie als st\u00f6rend oder unpassend empfunden, wobei allerdings die asiatischen Kinder oft auch eine Spur leiser sind als die europ\u00e4ischen \ud83d\ude09<\/p>\n<p>Vor allem aber hat uns das Reisen mit Kindern erleichtert, einen besseren Zugang zu dem Einheimischen zu bekommen! Sicher, die Thais sind immer freundlich und hilfsbereit, auch wenn man ohne Kinder anreist. Aber wir Touristen sind nat\u00fcrlich auch ein Wirtschaftobjekt, und mit den Kleinen im Schlepptau wurden wir viel mehr <em>als Menschen<\/em> gesehen, und konnten mit den Familien vor Ort auf Augenh\u00f6he kommunizieren.<\/p>\n<p>Eine sch\u00f6ne Erfahrung! Viele Thai-Familien stellten uns ihre eigenen Kinder vor oder wollten Fotos von sich zusammen mit unseren haben. Es wurde &#8222;Handshake&#8220; vs. &#8222;<a href=\"http:\/\/de.wikipedia.org\/wiki\/Wai_%28Gru%C3%9F%29\" target=\"_blank\">Wai<\/a>&#8220; ge\u00fcbt, und immer wurden die Kinder freundlich begr\u00fc\u00dft, gestreichelt und beschenkt. Wir bekamen sogar jedesmal bessere Preise genannt wenn wir mit den Kids da waren!<\/p>\n<p><strong>Insgesamt war die Reise mit dem kleinen Kindern also eine wunderbare Erfahrung, die ich jeder Familie empfehlen kann!<\/strong><\/p>\n<p>Nun noch <span style=\"text-decoration: underline;\"><strong>ein paar pers\u00f6nliche Tipps<\/strong><\/span> zur Thailand-Reise mit Kindern, ohne Anspruch auf allgemeine G\u00fcltigkeit:<\/p>\n<p><strong>Flug und Reise<\/strong><\/p>\n<p>Der lange Flug mit der Zeitumstellung, aber auch das <strong><a href=\"https:\/\/www.thailand-mit-kindern.de\/wp-content\/uploads\/2012\/01\/IMG_3267bbb.jpg\"><img decoding=\"async\" loading=\"lazy\" class=\"alignright size-medium wp-image-451\" title=\"IMG_3267bbb\" src=\"https:\/\/www.thailand-mit-kindern.de\/wp-content\/uploads\/2012\/01\/IMG_3267bbb-200x300.jpg\" alt=\"\" width=\"200\" height=\"300\" srcset=\"https:\/\/www.thailand-mit-kindern.de\/wp-content\/uploads\/2012\/01\/IMG_3267bbb-200x300.jpg 200w, https:\/\/www.thailand-mit-kindern.de\/wp-content\/uploads\/2012\/01\/IMG_3267bbb-682x1024.jpg 682w\" sizes=\"(max-width: 200px) 100vw, 200px\" \/><\/a><\/strong>Reisen im Land sind f\u00fcr Kinder und Erwachsene eine starke Belastung &#8211; daher unbedingt genug Erholungs- und Spielphasen einlegen!<\/p>\n<p><strong>Klima<\/strong><\/p>\n<p>Das schw\u00fclhei\u00dfe Klima und die hei\u00dfe Sonne werden von Kindern oft besser vertragen als von den Erwachsenen. Dennoch empfielt es sich, die lokalen Gepflogenheiten zu \u00fcbernehmen:<\/p>\n<p>Nicht in der prallen Sonne spazieren, sondern den Schatten suchen. Viele Pausen machen. Viel trinken.<\/p>\n<p><strong>Gep\u00e4ck<\/strong><\/p>\n<p>Macht euch nicht verr\u00fcckt wegen der vielen Dinge, die ihr denkt mitnehmen zu m\u00fcssen! Man kommt auch mit Kindern mit viel weniger aus als man zuerst glaubt, und wenn man nicht gerade auf einer besonders einsamen Insel ist, kann man in Thailand alles kaufen was man braucht!<\/p>\n<p>Die einzigen Dinge, von denen ich gew\u00fcnscht h\u00e4tte mehr dabei zu haben, waren &#8222;Anti-Juck-Salbe&#8220; f\u00fcr die Behandlung von M\u00fcckenstichen (also ein Antihistaminikum wie <a href=\"http:\/\/www.fenistil.de\/\" target=\"_blank\">Fenistil<\/a>) sowie spezielles <a href=\"http:\/\/www.test.de\/themen\/haus-garten\/test\/Mueckenmittel-Im-Stich-gelassen-1179449-1180866\/\" target=\"_blank\">Anti-M\u00fccken-Mittel<\/a> f\u00fcr Kinder, denn das in Thailand erh\u00e4ltliche enth\u00e4lt &#8211; anders als z.B. <a href=\"http:\/\/www.autan.de\" target=\"_blank\">Autan <\/a>&#8211; meist den relativ giftigen und nicht gut hautvertr\u00e4glichen Wirkstoff <a href=\"http:\/\/de.wikipedia.org\/wiki\/Diethyltoluamid\" target=\"_blank\">DEET<\/a>.<\/p>\n<p>Ein Moskitonetz <em>kann<\/em> man mitnehmen, insbesondere wenn man ein besonders hochwertiges oder kompaktes m\u00f6chte. Ansonsten kann man die Netze auch \u00fcberall in Thailand kaufen.<\/p>\n<p>Meiner Meinung nach <span style=\"text-decoration: underline;\">keinen<\/span> Sinn macht ein Kinderwagen oder Buggy; lieber sollte eine Tragehilfe oder ein Tragetuch verwendet werden.<\/p>\n<p>&#8222;<em>Listen, if you&#8217;re gonna survive out here, you&#8217;ve gotta know&#8230;where your towel is!<\/em>&#8220; hei\u00dft es im &#8222;<a href=\"http:\/\/www.amazon.de\/Anhalter-durch-die-Galaxis\/dp\/3453146972\/ref=sr_1_2?ie=UTF8&amp;qid=1327956848&amp;sr=8-2\" target=\"_blank\">Hitchhiker&#8217;s Guide to the Galaxy<\/a>&#8222;, und meine Frau ist eine gro\u00dfe Anh\u00e4ngerin dieser Aussage, weshalb sie darauf bestanden hat, zwei gro\u00dfe und zwei kleine <em>Handt\u00fccher<\/em> mitzuschleppen. Meiner Meinung nach ist dies jedoch unn\u00f6tig, denn Handt\u00fccher werden selbst in einfachen Unterk\u00fcnften bereitgestellt und k\u00f6nnen ggf. nachgeordert werden, au\u00dferdem kann man sie \u00fcberall kaufen.<\/p>\n<p><strong>Impfungen<\/strong><\/p>\n<p>Ihr solltet schon darauf achten, dass ihr und die Kinder gut durchgeimpft seid (ggf. vor der Reise beim Hausarzt bzw. Kinderarzt pr\u00fcfen). Wichtig ist die Grundimmunisierung (Tetanus, Polio, Diphtherie etc.), dar\u00fcber hinaus solltet ihr euch ebenfalls gegen Hepatitis A impfen lassen, da diese Infektionskrankheit bzw. das ausl\u00f6sende Virus in Thailand weit verbreitet ist.<\/p>\n<p>Ich bin mit einer Fach\u00e4rztin f\u00fcr Innere Medizin verheiratet (wovon airberlin gleich <a href=\"https:\/\/www.thailand-mit-kindern.de\/?tag=flug\">zweimal profitiert<\/a> hat), und diese Berufsgruppe neigt manchmal zu \u00fcbervorsichtigem Verhalten. Deshalb waren unsere Kinder au\u00dferdem gegen Tollwut und Typhus geimpft, was aber f\u00fcr einen dreiw\u00f6chigen Strandurlaub nicht in jedem Fall zwingend n\u00f6tig ist.<\/p>\n<p>Lasst euch im Zweifelsfall von einer <a href=\"http:\/\/tropeninstitut.charite.de\/vor_der_reise\/reisemedizinische_beratung_und_impfungen\/\" target=\"_blank\">tropenmedizischen Beratungsstelle<\/a> aufkl\u00e4ren; die verf\u00fcgen \u00fcber dicke Kataloge mit allen m\u00f6glichen und unm\u00f6glichen Krankheiten eurer Zielregion, und k\u00f6nnen auch gleich vor Ort die n\u00f6tigen Impfungen vornehmen.<\/p>\n<p><strong>Hygiene<\/strong><\/p>\n<p>Um auf Nummer sicher zu gehen sollte man am ehesten Eisdielen und Salatbuffets meiden, um sich kein fieses Bakterium zu fangen. Ansonsten haben wir alles und \u00fcberall gegessen und getrunken (Gark\u00fcchen-Essen und kostenloses Trinkwasser, eisgek\u00fchlte Getr\u00e4nke etc.) was uns begegnet ist, und niemand aus der Familie hat irgendwelche Probleme bekommen. Auch von den andere Familien, die wir getroffen haben, wurde uns nicht von Durchfall oder Erbrechen berichtet.<\/p>\n<p><strong>Moskitos<\/strong><\/p>\n<p>Eine gro\u00dfe Belastung, und zwar egal ob im Norden, im S\u00fcden oder in Bangkok, sind die unz\u00e4hligen Moskitos, und ich sage es euch ehrlich: Ihr werdet ihnen nicht entkommen! <a href=\"https:\/\/www.thailand-mit-kindern.de\/wp-content\/uploads\/2012\/01\/IMG_3891bbb.jpg\"><img decoding=\"async\" loading=\"lazy\" class=\"alignleft size-medium wp-image-441\" title=\"IMG_3891bbb\" src=\"https:\/\/www.thailand-mit-kindern.de\/wp-content\/uploads\/2012\/01\/IMG_3891bbb-300x199.jpg\" alt=\"\" width=\"300\" height=\"199\" srcset=\"https:\/\/www.thailand-mit-kindern.de\/wp-content\/uploads\/2012\/01\/IMG_3891bbb-300x199.jpg 300w, https:\/\/www.thailand-mit-kindern.de\/wp-content\/uploads\/2012\/01\/IMG_3891bbb-1024x682.jpg 1024w, https:\/\/www.thailand-mit-kindern.de\/wp-content\/uploads\/2012\/01\/IMG_3891bbb-450x300.jpg 450w, https:\/\/www.thailand-mit-kindern.de\/wp-content\/uploads\/2012\/01\/IMG_3891bbb.jpg 1745w\" sizes=\"(max-width: 300px) 100vw, 300px\" \/><\/a><\/p>\n<p>Wenige Minuten abseits vom M\u00fcckennetz mit unzureichendem M\u00fcckenschutz, und die Biester fallen \u00fcber die Kinder her und verpassen ihnen ein Dutzend Stiche \ud83d\ude41<\/p>\n<p>Ihr k\u00f6nnt das Problem verkleinern wenn ihr <strong>folgende Ma\u00dfnahmen<\/strong> trefft:<\/p>\n<p>Lange, Arme und Beine bedeckende, dichte Kleidung tragen &#8211; das ist imThail\u00e4nidschen Klima viel angenehmer als es sich anh\u00f6rt, und entspricht auch sehr gut der lokalen Kleiderordnung.<\/p>\n<p>Diese Kleidung zus\u00e4tzlich mit M\u00fccken abweisendem Geruchsstoff waschen (gibt es in Europa in der Apotheke oder in Outdoor-L\u00e4den wie <a href=\"http:\/\/www.globetrotter.de\/de\/filialen\/index.php\" target=\"_blank\">Globetrotter<\/a>).<\/p>\n<p>Die freien Stellen (insbesonder entlang der Gef\u00e4\u00dfe), also F\u00fc\u00dfe, H\u00e4nde, Nacken und Gesicht mit <a href=\"http:\/\/www.test.de\/themen\/haus-garten\/test\/Mueckenmittel-Im-Stich-gelassen-1179449-1180866\/\" target=\"_blank\">Anti-M\u00fccken-Mittel<\/a> einreiben.<\/p>\n<p>Ansonsten zwischen 17 und 8 Uhr morgens m\u00f6glichst viel Zeit unter dem M\u00fcckennetz verbringen, mit dem in Thailand die meisten Unterk\u00fcnfte versehen sind. Bei gemauerten R\u00e4umen mit M\u00fcckenschutz-Fenstern &#8211; und ohne Netz &#8211; vor dem Einschlafen mal suchen ob sich nicht doch ein Moskito eingeschlichen hat!<\/p>\n<p>Wird man gestochen sollte man die Stelle gleich mit Fenistil einreiben, dann sind Schmerz und Juckreiz sehr schnell vorbei.<\/p>\n<p>Ansonsten bleibt als kleiner Trost: Nach einigen Tagen oder Wochen gew\u00f6hnt man sich an die Stiche. \ud83d\ude09<\/p>\n<p><strong>Soweit mit meinen pers\u00f6nlichen Tipps &#8211; zum Thema &#8222;<a href=\"https:\/\/www.thailand-mit-kindern.de\/?page_id=377\">Risiken und Gefahren<\/a>&#8220; bei der Thailand-Reise mit Kindern habe ich nochmal <a href=\"https:\/\/www.thailand-mit-kindern.de\/?page_id=377\">eine eigene Seite<\/a> angelegt!<\/strong><\/p>\n<p>Eine sch\u00f6ne \u00dcbersicht mit Meinungen auch von anderen Bloggern gibt es \u00fcbrigens auf der Seite <a href=\"http:\/\/faszination-suedostasien.de\/tipps-empfehlungen\/reisetipps\/8221-thailand-und-suedostasien-mit-kind\" target=\"_blank\">Faszination S\u00fcdostasien<\/a>.<\/p>\n","protected":false},"excerpt":{"rendered":"<p>Thailand mit (vielleicht sogar kleinen) Kindern? Definitiv ja! Wir waren bereits vor unserem dreiw\u00f6chigem Urlaub 2012 zweimal &#8211; ohne Kinder &#8211; in Thailand, aber nie war es so sch\u00f6n wie dieses Mal. Zun\u00e4chst einmal macht Urlaub mit Kindern einfach Spa\u00df &hellip; <a href=\"https:\/\/www.thailand-mit-kindern.de\/?page_id=375\">Weiterlesen <span class=\"meta-nav\">&rarr;<\/span><\/a><\/p>\n","protected":false},"author":2,"featured_media":0,"parent":0,"menu_order":0,"comment_status":"closed","ping_status":"closed","template":"sidebar-page.php","meta":{"footnotes":""},"yoast_head":"<!-- This site is optimized with the Yoast SEO plugin v19.9 - https:\/\/yoast.com\/wordpress\/plugins\/seo\/ -->\n<title>Thailand mit Kindern - Thailand mit Kindern<\/title>\n<meta name=\"robots\" content=\"index, follow, max-snippet:-1, max-image-preview:large, max-video-preview:-1\" \/>\n<link rel=\"canonical\" href=\"https:\/\/www.thailand-mit-kindern.de\/?page_id=375\" \/>\n<meta property=\"og:locale\" content=\"de_DE\" \/>\n<meta property=\"og:type\" content=\"article\" \/>\n<meta property=\"og:title\" content=\"Thailand mit Kindern - Thailand mit Kindern\" \/>\n<meta property=\"og:description\" content=\"Thailand mit (vielleicht sogar kleinen) Kindern? Definitiv ja! Wir waren bereits vor unserem dreiw\u00f6chigem Urlaub 2012 zweimal &#8211; ohne Kinder &#8211; in Thailand, aber nie war es so sch\u00f6n wie dieses Mal. Zun\u00e4chst einmal macht Urlaub mit Kindern einfach Spa\u00df &hellip; Weiterlesen &rarr;\" \/>\n<meta property=\"og:url\" content=\"https:\/\/www.thailand-mit-kindern.de\/?page_id=375\" \/>\n<meta property=\"og:site_name\" content=\"Thailand mit Kindern\" \/>\n<meta property=\"article:modified_time\" content=\"2014-12-14T16:12:48+00:00\" \/>\n<meta property=\"og:image\" content=\"http:\/\/thailand-mit-kindern.de\/wp-content\/uploads\/2012\/01\/IMG_3392bb-300x199.jpg\" \/>\n<meta name=\"twitter:card\" content=\"summary_large_image\" \/>\n<meta name=\"twitter:label1\" content=\"Gesch\u00e4tzte Lesezeit\" \/>\n\t<meta name=\"twitter:data1\" content=\"5\u00a0Minuten\" \/>\n<script type=\"application\/ld+json\" class=\"yoast-schema-graph\">{\"@context\":\"https:\/\/schema.org\",\"@graph\":[{\"@type\":\"WebPage\",\"@id\":\"https:\/\/www.thailand-mit-kindern.de\/?page_id=375\",\"url\":\"https:\/\/www.thailand-mit-kindern.de\/?page_id=375\",\"name\":\"Thailand mit Kindern - Thailand mit Kindern\",\"isPartOf\":{\"@id\":\"https:\/\/www.thailand-mit-kindern.de\/#website\"},\"datePublished\":\"2012-01-30T09:56:35+00:00\",\"dateModified\":\"2014-12-14T16:12:48+00:00\",\"breadcrumb\":{\"@id\":\"https:\/\/www.thailand-mit-kindern.de\/?page_id=375#breadcrumb\"},\"inLanguage\":\"de\",\"potentialAction\":[{\"@type\":\"ReadAction\",\"target\":[\"https:\/\/www.thailand-mit-kindern.de\/?page_id=375\"]}]},{\"@type\":\"BreadcrumbList\",\"@id\":\"https:\/\/www.thailand-mit-kindern.de\/?page_id=375#breadcrumb\",\"itemListElement\":[{\"@type\":\"ListItem\",\"position\":1,\"name\":\"Startseite\",\"item\":\"https:\/\/www.thailand-mit-kindern.de\/\"},{\"@type\":\"ListItem\",\"position\":2,\"name\":\"Thailand mit Kindern\"}]},{\"@type\":\"WebSite\",\"@id\":\"https:\/\/www.thailand-mit-kindern.de\/#website\",\"url\":\"https:\/\/www.thailand-mit-kindern.de\/\",\"name\":\"Thailand mit Kindern\",\"description\":\"Der Sonne entgegen\",\"potentialAction\":[{\"@type\":\"SearchAction\",\"target\":{\"@type\":\"EntryPoint\",\"urlTemplate\":\"https:\/\/www.thailand-mit-kindern.de\/?s={search_term_string}\"},\"query-input\":\"required name=search_term_string\"}],\"inLanguage\":\"de\"}]}<\/script>\n<!-- \/ Yoast SEO plugin. -->","yoast_head_json":{"title":"Thailand mit Kindern - Thailand mit Kindern","robots":{"index":"index","follow":"follow","max-snippet":"max-snippet:-1","max-image-preview":"max-image-preview:large","max-video-preview":"max-video-preview:-1"},"canonical":"https:\/\/www.thailand-mit-kindern.de\/?page_id=375","og_locale":"de_DE","og_type":"article","og_title":"Thailand mit Kindern - Thailand mit Kindern","og_description":"Thailand mit (vielleicht sogar kleinen) Kindern? Definitiv ja! Wir waren bereits vor unserem dreiw\u00f6chigem Urlaub 2012 zweimal &#8211; ohne Kinder &#8211; in Thailand, aber nie war es so sch\u00f6n wie dieses Mal. Zun\u00e4chst einmal macht Urlaub mit Kindern einfach Spa\u00df &hellip; Weiterlesen &rarr;","og_url":"https:\/\/www.thailand-mit-kindern.de\/?page_id=375","og_site_name":"Thailand mit Kindern","article_modified_time":"2014-12-14T16:12:48+00:00","og_image":[{"url":"http:\/\/thailand-mit-kindern.de\/wp-content\/uploads\/2012\/01\/IMG_3392bb-300x199.jpg"}],"twitter_card":"summary_large_image","twitter_misc":{"Gesch\u00e4tzte Lesezeit":"5\u00a0Minuten"},"schema":{"@context":"https:\/\/schema.org","@graph":[{"@type":"WebPage","@id":"https:\/\/www.thailand-mit-kindern.de\/?page_id=375","url":"https:\/\/www.thailand-mit-kindern.de\/?page_id=375","name":"Thailand mit Kindern - Thailand mit Kindern","isPartOf":{"@id":"https:\/\/www.thailand-mit-kindern.de\/#website"},"datePublished":"2012-01-30T09:56:35+00:00","dateModified":"2014-12-14T16:12:48+00:00","breadcrumb":{"@id":"https:\/\/www.thailand-mit-kindern.de\/?page_id=375#breadcrumb"},"inLanguage":"de","potentialAction":[{"@type":"ReadAction","target":["https:\/\/www.thailand-mit-kindern.de\/?page_id=375"]}]},{"@type":"BreadcrumbList","@id":"https:\/\/www.thailand-mit-kindern.de\/?page_id=375#breadcrumb","itemListElement":[{"@type":"ListItem","position":1,"name":"Startseite","item":"https:\/\/www.thailand-mit-kindern.de\/"},{"@type":"ListItem","position":2,"name":"Thailand mit Kindern"}]},{"@type":"WebSite","@id":"https:\/\/www.thailand-mit-kindern.de\/#website","url":"https:\/\/www.thailand-mit-kindern.de\/","name":"Thailand mit Kindern","description":"Der Sonne entgegen","potentialAction":[{"@type":"SearchAction","target":{"@type":"EntryPoint","urlTemplate":"https:\/\/www.thailand-mit-kindern.de\/?s={search_term_string}"},"query-input":"required name=search_term_string"}],"inLanguage":"de"}]}},"_links":{"self":[{"href":"https:\/\/www.thailand-mit-kindern.de\/index.php?rest_route=\/wp\/v2\/pages\/375"}],"collection":[{"href":"https:\/\/www.thailand-mit-kindern.de\/index.php?rest_route=\/wp\/v2\/pages"}],"about":[{"href":"https:\/\/www.thailand-mit-kindern.de\/index.php?rest_route=\/wp\/v2\/types\/page"}],"author":[{"embeddable":true,"href":"https:\/\/www.thailand-mit-kindern.de\/index.php?rest_route=\/wp\/v2\/users\/2"}],"replies":[{"embeddable":true,"href":"https:\/\/www.thailand-mit-kindern.de\/index.php?rest_route=%2Fwp%2Fv2%2Fcomments&post=375"}],"version-history":[{"count":21,"href":"https:\/\/www.thailand-mit-kindern.de\/index.php?rest_route=\/wp\/v2\/pages\/375\/revisions"}],"predecessor-version":[{"id":509,"href":"https:\/\/www.thailand-mit-kindern.de\/index.php?rest_route=\/wp\/v2\/pages\/375\/revisions\/509"}],"wp:attachment":[{"href":"https:\/\/www.thailand-mit-kindern.de\/index.php?rest_route=%2Fwp%2Fv2%2Fmedia&parent=375"}],"curies":[{"name":"wp","href":"https:\/\/api.w.org\/{rel}","templated":true}]}}