{"id":373,"date":"2012-01-30T09:56:25","date_gmt":"2012-01-30T09:56:25","guid":{"rendered":"http:\/\/thailand.kreuzbergblog.de\/?page_id=373"},"modified":"2012-05-29T12:18:05","modified_gmt":"2012-05-29T12:18:05","slug":"thailand-ja-oder-nein","status":"publish","type":"page","link":"https:\/\/www.thailand-mit-kindern.de\/?page_id=373","title":{"rendered":"Thailand ja oder nein?"},"content":{"rendered":"<p>Wer schon einmal in Thailand war wird sich diese Frage wahrscheinlich nicht stellen, sondern er wird mit einiger Sicherheit wieder hinfahren wollen, denn Thailand ist einfach eines der sch\u00f6nsten Reisel\u00e4nder der Welt!<\/p>\n<p><span style=\"color: #339966;\"><strong>F\u00fcr Thailand sprechen z.B. &#8230;<\/strong><\/span><\/p>\n<p><strong>Natur und Str\u00e4nde<\/strong><\/p>\n<p>Mit unber\u00fchrtem Urwald bewachsene Berge im Norden und wundersch\u00f6ne Str\u00e4nde wie aus der Baccardi-Werbung im S\u00fcden &#8211; Landschaft und Natur in Thailand sind einzigartig.<\/p>\n<p><strong>Die Kultur<\/strong><\/p>\n<p>Die Asiatische Kultur ist in vielerlei Hinsicht ganz anders als unsere &#8222;westliche&#8220;, und wie kein anderes Land bietet sich Thailand an, diese Kultur kennenzulernen. Thailand ist Asien f\u00fcr Anf\u00e4nger.<\/p>\n<p><strong>Die Thais<\/strong><\/p>\n<p>Die Thais sind, soweit solche Verallgemeinerungen \u00fcberhaupt m\u00f6glich sind, angenehme und wunderbare Gastgeber: Freundlich, hilfsbereit, aufgeschlossen und (fast) immer mit einem L\u00e4cheln im Gesicht.<\/p>\n<p><strong>Die Sehensw\u00fcrdigkeiten<\/strong><\/p>\n<p>Die gro\u00dfartige Metropole Bangkok und \u00fcberall im Land zu findende buddhistische Tempel und k\u00f6nigliche Pal\u00e4ste bieten einiges zu sehen.<\/p>\n<p><strong>Das Wetter<\/strong><\/p>\n<p>Gerade dann wenn es im mitteleurop\u00e4ischen Winter am grausten und k\u00e4ltesten ist, beginnt in Thailand die trockenste und k\u00e4lteste Zeit mit wenig Niederschl\u00e4gen und Temperaturen zwischen 25 und 30\u00b0 Celsius.<\/p>\n<p><strong>Die K\u00fcche<\/strong><\/p>\n<p>Wer asiatisches Essen mag wei\u00df es bereits: Die Thail\u00e4ndische K\u00fcche ist eine der besten der Welt! Alles wird frisch zubereitet, mit zahlreichen exotischen Zutaten, Kr\u00e4utern und Gew\u00fcrzen. Selbst das einfachste Essen an einem Stra\u00dfenstand oder in der Touristen-Unterkunft bietet oft mehr geschmackliche Nuancen als so manches Festmahl in Deutschland.<\/p>\n<p><strong>Die Infrastruktur<\/strong><\/p>\n<p>Thailand macht das Reisen leicht, denn die touristische Infrastruktur ist sehr gut ausgebaut, und man kommt mit Englisch (in den Touristenzentren sogar mit Deutsch) \u00fcberall gut durch. Dennoch findet sich f\u00fcr jeden Besucher, der dies m\u00f6chte, immer auch ein einsames Pl\u00e4tzchen, wo er der einzige Tourist weit und breit ist.<\/p>\n<p><strong>Die Hygiene<\/strong><\/p>\n<p>Die hygienischen Verh\u00e4ltnisse sind nicht so gut wie in westlichen L\u00e4ndern:\u00a0 Brackwasser (z.B. aus der Dusche) und oft auch Abwasser aus der Toilette l\u00e4uft fast immer ungereinigt in Fl\u00fcsse und Meer. Dennoch ist die hygienische Situation &#8211; insbesondere bezogen auf Krankheitserreger und Bakterien &#8211; insgesamt noch besser als in vielen anderen Schwellenl\u00e4ndern wie Indien oder Indonesien, und man kann durchaus ohne Angst an den vielen Stra\u00dfenst\u00e4nden naschen.<\/p>\n<p><strong>Die Kosten<\/strong><\/p>\n<p>Urlaub in Thailand kostet &#8211; je nach pers\u00f6nlichen Ausgabe-Schwerpunkten &#8211; nur 20-50% der Summe, die man im Euro-Raum aufbringen m\u00fcsste. Das relativiert sich allerdings meist durch den teuren Flug.<\/p>\n<p><span style=\"color: #ff0000;\"><strong>Es gibt jedoch auch einige Punkte, die eher gegen einen Urlaub in Thailand sprechen. Ich denke da insbesondere an&#8230;<\/strong><\/span><\/p>\n<p><strong>Die Entfernung<\/strong><\/p>\n<p>Der Flug ist mit ca. 11 Stunden sehr lang und insbesondere mit kleinen Kindern eine ziemliche Tortour. Au\u00dferdem verbraucht er einen gro\u00dfen Teil des Reisebudgets und ist auch nicht gerade umwelt- und klimafreundlich.<\/p>\n<p>Die Zeitumstellung von sechs Stunden ist ebenfalls nicht immer leicht zu verkraften, und man muss eigentlich beim Hin- wie beim R\u00fcckflug einen oder zwei Tage daf\u00fcr einplanen, um sich zu aklimatisieren.<\/p>\n<p><strong>Das Klima<\/strong><\/p>\n<p>Das Klima kann auch in der &#8222;kalten&#8220; Zeit dr\u00fcckend hei\u00df und schw\u00fcl sein, in Bangkok sogar unertr\u00e4glich. In der gr\u00f6\u00dften Hitze kann man oft nichts anderes machen als ein paar St\u00fcndchen Pause.<\/p>\n<p><strong>Die Moskitos<\/strong><\/p>\n<p>Auf den Inseln im S\u00fcden, im Regenwald und selbst in den St\u00e4dten: Den Moskitos kann man kaum entkommen, und sie sind eine echte Plage. Einziger Trost: Man gew\u00f6hnt sich nach einiger Zeit daran.<\/p>\n","protected":false},"excerpt":{"rendered":"<p>Wer schon einmal in Thailand war wird sich diese Frage wahrscheinlich nicht stellen, sondern er wird mit einiger Sicherheit wieder hinfahren wollen, denn Thailand ist einfach eines der sch\u00f6nsten Reisel\u00e4nder der Welt! F\u00fcr Thailand sprechen z.B. &#8230; Natur und Str\u00e4nde &hellip; <a href=\"https:\/\/www.thailand-mit-kindern.de\/?page_id=373\">Weiterlesen <span class=\"meta-nav\">&rarr;<\/span><\/a><\/p>\n","protected":false},"author":2,"featured_media":0,"parent":0,"menu_order":0,"comment_status":"closed","ping_status":"closed","template":"sidebar-page.php","meta":{"footnotes":""},"yoast_head":"<!-- This site is optimized with the Yoast SEO plugin v19.9 - https:\/\/yoast.com\/wordpress\/plugins\/seo\/ -->\n<title>Thailand ja oder nein? - Thailand mit Kindern<\/title>\n<meta name=\"robots\" content=\"index, follow, max-snippet:-1, max-image-preview:large, max-video-preview:-1\" \/>\n<link rel=\"canonical\" href=\"https:\/\/www.thailand-mit-kindern.de\/?page_id=373\" \/>\n<meta property=\"og:locale\" content=\"de_DE\" \/>\n<meta property=\"og:type\" content=\"article\" \/>\n<meta property=\"og:title\" content=\"Thailand ja oder nein? - Thailand mit Kindern\" \/>\n<meta property=\"og:description\" content=\"Wer schon einmal in Thailand war wird sich diese Frage wahrscheinlich nicht stellen, sondern er wird mit einiger Sicherheit wieder hinfahren wollen, denn Thailand ist einfach eines der sch\u00f6nsten Reisel\u00e4nder der Welt! F\u00fcr Thailand sprechen z.B. &#8230; Natur und Str\u00e4nde &hellip; Weiterlesen &rarr;\" \/>\n<meta property=\"og:url\" content=\"https:\/\/www.thailand-mit-kindern.de\/?page_id=373\" \/>\n<meta property=\"og:site_name\" content=\"Thailand mit Kindern\" \/>\n<meta property=\"article:modified_time\" content=\"2012-05-29T12:18:05+00:00\" \/>\n<meta name=\"twitter:card\" content=\"summary_large_image\" \/>\n<meta name=\"twitter:label1\" content=\"Gesch\u00e4tzte Lesezeit\" \/>\n\t<meta name=\"twitter:data1\" content=\"3\u00a0Minuten\" \/>\n<script type=\"application\/ld+json\" class=\"yoast-schema-graph\">{\"@context\":\"https:\/\/schema.org\",\"@graph\":[{\"@type\":\"WebPage\",\"@id\":\"https:\/\/www.thailand-mit-kindern.de\/?page_id=373\",\"url\":\"https:\/\/www.thailand-mit-kindern.de\/?page_id=373\",\"name\":\"Thailand ja oder nein? - Thailand mit Kindern\",\"isPartOf\":{\"@id\":\"https:\/\/www.thailand-mit-kindern.de\/#website\"},\"datePublished\":\"2012-01-30T09:56:25+00:00\",\"dateModified\":\"2012-05-29T12:18:05+00:00\",\"breadcrumb\":{\"@id\":\"https:\/\/www.thailand-mit-kindern.de\/?page_id=373#breadcrumb\"},\"inLanguage\":\"de\",\"potentialAction\":[{\"@type\":\"ReadAction\",\"target\":[\"https:\/\/www.thailand-mit-kindern.de\/?page_id=373\"]}]},{\"@type\":\"BreadcrumbList\",\"@id\":\"https:\/\/www.thailand-mit-kindern.de\/?page_id=373#breadcrumb\",\"itemListElement\":[{\"@type\":\"ListItem\",\"position\":1,\"name\":\"Startseite\",\"item\":\"https:\/\/www.thailand-mit-kindern.de\/\"},{\"@type\":\"ListItem\",\"position\":2,\"name\":\"Thailand ja oder nein?\"}]},{\"@type\":\"WebSite\",\"@id\":\"https:\/\/www.thailand-mit-kindern.de\/#website\",\"url\":\"https:\/\/www.thailand-mit-kindern.de\/\",\"name\":\"Thailand mit Kindern\",\"description\":\"Der Sonne entgegen\",\"potentialAction\":[{\"@type\":\"SearchAction\",\"target\":{\"@type\":\"EntryPoint\",\"urlTemplate\":\"https:\/\/www.thailand-mit-kindern.de\/?s={search_term_string}\"},\"query-input\":\"required name=search_term_string\"}],\"inLanguage\":\"de\"}]}<\/script>\n<!-- \/ Yoast SEO plugin. -->","yoast_head_json":{"title":"Thailand ja oder nein? - Thailand mit Kindern","robots":{"index":"index","follow":"follow","max-snippet":"max-snippet:-1","max-image-preview":"max-image-preview:large","max-video-preview":"max-video-preview:-1"},"canonical":"https:\/\/www.thailand-mit-kindern.de\/?page_id=373","og_locale":"de_DE","og_type":"article","og_title":"Thailand ja oder nein? - Thailand mit Kindern","og_description":"Wer schon einmal in Thailand war wird sich diese Frage wahrscheinlich nicht stellen, sondern er wird mit einiger Sicherheit wieder hinfahren wollen, denn Thailand ist einfach eines der sch\u00f6nsten Reisel\u00e4nder der Welt! F\u00fcr Thailand sprechen z.B. &#8230; Natur und Str\u00e4nde &hellip; Weiterlesen &rarr;","og_url":"https:\/\/www.thailand-mit-kindern.de\/?page_id=373","og_site_name":"Thailand mit Kindern","article_modified_time":"2012-05-29T12:18:05+00:00","twitter_card":"summary_large_image","twitter_misc":{"Gesch\u00e4tzte Lesezeit":"3\u00a0Minuten"},"schema":{"@context":"https:\/\/schema.org","@graph":[{"@type":"WebPage","@id":"https:\/\/www.thailand-mit-kindern.de\/?page_id=373","url":"https:\/\/www.thailand-mit-kindern.de\/?page_id=373","name":"Thailand ja oder nein? - Thailand mit Kindern","isPartOf":{"@id":"https:\/\/www.thailand-mit-kindern.de\/#website"},"datePublished":"2012-01-30T09:56:25+00:00","dateModified":"2012-05-29T12:18:05+00:00","breadcrumb":{"@id":"https:\/\/www.thailand-mit-kindern.de\/?page_id=373#breadcrumb"},"inLanguage":"de","potentialAction":[{"@type":"ReadAction","target":["https:\/\/www.thailand-mit-kindern.de\/?page_id=373"]}]},{"@type":"BreadcrumbList","@id":"https:\/\/www.thailand-mit-kindern.de\/?page_id=373#breadcrumb","itemListElement":[{"@type":"ListItem","position":1,"name":"Startseite","item":"https:\/\/www.thailand-mit-kindern.de\/"},{"@type":"ListItem","position":2,"name":"Thailand ja oder nein?"}]},{"@type":"WebSite","@id":"https:\/\/www.thailand-mit-kindern.de\/#website","url":"https:\/\/www.thailand-mit-kindern.de\/","name":"Thailand mit Kindern","description":"Der Sonne entgegen","potentialAction":[{"@type":"SearchAction","target":{"@type":"EntryPoint","urlTemplate":"https:\/\/www.thailand-mit-kindern.de\/?s={search_term_string}"},"query-input":"required name=search_term_string"}],"inLanguage":"de"}]}},"_links":{"self":[{"href":"https:\/\/www.thailand-mit-kindern.de\/index.php?rest_route=\/wp\/v2\/pages\/373"}],"collection":[{"href":"https:\/\/www.thailand-mit-kindern.de\/index.php?rest_route=\/wp\/v2\/pages"}],"about":[{"href":"https:\/\/www.thailand-mit-kindern.de\/index.php?rest_route=\/wp\/v2\/types\/page"}],"author":[{"embeddable":true,"href":"https:\/\/www.thailand-mit-kindern.de\/index.php?rest_route=\/wp\/v2\/users\/2"}],"replies":[{"embeddable":true,"href":"https:\/\/www.thailand-mit-kindern.de\/index.php?rest_route=%2Fwp%2Fv2%2Fcomments&post=373"}],"version-history":[{"count":18,"href":"https:\/\/www.thailand-mit-kindern.de\/index.php?rest_route=\/wp\/v2\/pages\/373\/revisions"}],"predecessor-version":[{"id":494,"href":"https:\/\/www.thailand-mit-kindern.de\/index.php?rest_route=\/wp\/v2\/pages\/373\/revisions\/494"}],"wp:attachment":[{"href":"https:\/\/www.thailand-mit-kindern.de\/index.php?rest_route=%2Fwp%2Fv2%2Fmedia&parent=373"}],"curies":[{"name":"wp","href":"https:\/\/api.w.org\/{rel}","templated":true}]}}