{"id":359,"date":"2012-01-30T09:45:49","date_gmt":"2012-01-30T09:45:49","guid":{"rendered":"http:\/\/thailand.kreuzbergblog.de\/?page_id=359"},"modified":"2012-05-29T12:15:11","modified_gmt":"2012-05-29T12:15:11","slug":"startseite","status":"publish","type":"page","link":"https:\/\/www.thailand-mit-kindern.de\/","title":{"rendered":"Der Sonne entgegen"},"content":{"rendered":"<p>Hallo, ich bin <a href=\"http:\/\/www.fenderbender.de\" target=\"_blank\">Fenderbender<\/a> aus Berlin.<\/p>\n<p>Auf dem Foto seht ihr mich mit meiner \u00e4ltesten Tochter w\u00e4hrend des Chinesischen Neujahrsfestes zum Jahr des Drachen, aufgenommen in Bangkok&#8217;s Chinatown.<\/p>\n<p><a href=\"https:\/\/www.thailand-mit-kindern.de\/wp-content\/uploads\/2012\/01\/IMG_4418bb.jpg\"><img decoding=\"async\" loading=\"lazy\" class=\"alignleft size-medium wp-image-433\" title=\"IMG_4418bb\" src=\"https:\/\/www.thailand-mit-kindern.de\/wp-content\/uploads\/2012\/01\/IMG_4418bb-200x300.jpg\" alt=\"\" width=\"200\" height=\"300\" srcset=\"https:\/\/www.thailand-mit-kindern.de\/wp-content\/uploads\/2012\/01\/IMG_4418bb-200x300.jpg 200w, https:\/\/www.thailand-mit-kindern.de\/wp-content\/uploads\/2012\/01\/IMG_4418bb-682x1024.jpg 682w\" sizes=\"(max-width: 200px) 100vw, 200px\" \/><\/a>Damit sind wir auch schon beim Thema:<\/p>\n<p>Im Januar 2012 habe ich mit meiner Familie (Frau und zwei T\u00f6chter, 2 1\/2 und fast f\u00fcnf Jahre alt) einen dreiw\u00f6chigen Urlaub in Thailand gemacht. Wir hatten nur den Flug Berlin &lt;-&gt; Bangkok gebucht und uns anschlie\u00dfend mit \u00f6ffentlichen Verkehrsmitteln selber durch das Land bewegt: Von <a href=\"https:\/\/www.thailand-mit-kindern.de\/?tag=bangkok\">Bangkok<\/a> \u00fcber <a href=\"https:\/\/www.thailand-mit-kindern.de\/?tag=chumphon\">Chumphon<\/a> nach <a href=\"https:\/\/www.thailand-mit-kindern.de\/?tag=ranong\">Ranong<\/a> und von dort weiter zur wundersch\u00f6nen Insel <a href=\"https:\/\/www.thailand-mit-kindern.de\/?tag=ko-phayam\">Ko Phayam<\/a> im Indischen Ozean &#8211; und zur\u00fcck.<\/p>\n<p>Um Freunde und Familie \u00fcber den Verlauf unserer Reise zu informieren habe ich einen <a href=\"https:\/\/www.thailand-mit-kindern.de\/?cat=1\">Reiseblog<\/a> gef\u00fchrt &#8211; so zumindest die offizielle Begr\u00fcndung. In Wahrheit bin ich einfach ein wenig Internet-s\u00fcchtig und habe eine gute Ausrede gebraucht, um abends mal eine halbe Stunde alleine vor dem Rechner zu sitzen.<\/p>\n<p>Nach unserer R\u00fcckkehr habe ich den Blog um weitere Seiten erg\u00e4nzt, um anderen Familien, die mit ihren Kindern nach Thailand reisen m\u00f6chten, vorab schon mal ein paar Informationen zu bieten, n\u00e4mlich<\/p>\n<ul>\n<li><a href=\"https:\/\/www.thailand-mit-kindern.de\/?page_id=373\">Thailand ja oder nein?<\/a><\/li>\n<li><a href=\"https:\/\/www.thailand-mit-kindern.de\/?page_id=375\">Thailand mit Kindern<\/a><\/li>\n<li><a href=\"https:\/\/www.thailand-mit-kindern.de\/?page_id=377\">Risiken und Gefahren<\/a><\/li>\n<\/ul>\n<p>Au\u00dferdem gibt es nun ein <a href=\"https:\/\/www.thailand-mit-kindern.de\/?page_id=383\">G\u00e4stebuch<\/a>, wo ihr eure eigenen Erfahrungen oder sonstige Anmerkungen hinterlegen k\u00f6nnt!<\/p>\n<p>Also, viel Spa\u00df beim Lesen und viel Spa\u00df in Thailand!<\/p>\n","protected":false},"excerpt":{"rendered":"<p>Hallo, ich bin Fenderbender aus Berlin. Auf dem Foto seht ihr mich mit meiner \u00e4ltesten Tochter w\u00e4hrend des Chinesischen Neujahrsfestes zum Jahr des Drachen, aufgenommen in Bangkok&#8217;s Chinatown. Damit sind wir auch schon beim Thema: Im Januar 2012 habe ich &hellip; <a href=\"https:\/\/www.thailand-mit-kindern.de\/\">Weiterlesen <span class=\"meta-nav\">&rarr;<\/span><\/a><\/p>\n","protected":false},"author":2,"featured_media":0,"parent":0,"menu_order":0,"comment_status":"closed","ping_status":"closed","template":"sidebar-page.php","meta":{"footnotes":""},"yoast_head":"<!-- This site is optimized with the Yoast SEO plugin v19.9 - https:\/\/yoast.com\/wordpress\/plugins\/seo\/ -->\n<title>Der Sonne entgegen - Thailand mit Kindern<\/title>\n<meta name=\"robots\" content=\"index, follow, max-snippet:-1, max-image-preview:large, max-video-preview:-1\" \/>\n<link rel=\"canonical\" href=\"https:\/\/www.thailand-mit-kindern.de\/\" \/>\n<meta property=\"og:locale\" content=\"de_DE\" \/>\n<meta property=\"og:type\" content=\"article\" \/>\n<meta property=\"og:title\" content=\"Der Sonne entgegen - Thailand mit Kindern\" \/>\n<meta property=\"og:description\" content=\"Hallo, ich bin Fenderbender aus Berlin. Auf dem Foto seht ihr mich mit meiner \u00e4ltesten Tochter w\u00e4hrend des Chinesischen Neujahrsfestes zum Jahr des Drachen, aufgenommen in Bangkok&#8217;s Chinatown. Damit sind wir auch schon beim Thema: Im Januar 2012 habe ich &hellip; Weiterlesen &rarr;\" \/>\n<meta property=\"og:url\" content=\"https:\/\/www.thailand-mit-kindern.de\/\" \/>\n<meta property=\"og:site_name\" content=\"Thailand mit Kindern\" \/>\n<meta property=\"article:modified_time\" content=\"2012-05-29T12:15:11+00:00\" \/>\n<meta property=\"og:image\" content=\"http:\/\/www.thailand-mit-kindern.de\/wp-content\/uploads\/2012\/01\/IMG_4418bb-200x300.jpg\" \/>\n<meta name=\"twitter:card\" content=\"summary_large_image\" \/>\n<meta name=\"twitter:label1\" content=\"Gesch\u00e4tzte Lesezeit\" \/>\n\t<meta name=\"twitter:data1\" content=\"1\u00a0Minute\" \/>\n<script type=\"application\/ld+json\" class=\"yoast-schema-graph\">{\"@context\":\"https:\/\/schema.org\",\"@graph\":[{\"@type\":\"WebPage\",\"@id\":\"https:\/\/www.thailand-mit-kindern.de\/\",\"url\":\"https:\/\/www.thailand-mit-kindern.de\/\",\"name\":\"Der Sonne entgegen - Thailand mit Kindern\",\"isPartOf\":{\"@id\":\"https:\/\/www.thailand-mit-kindern.de\/#website\"},\"datePublished\":\"2012-01-30T09:45:49+00:00\",\"dateModified\":\"2012-05-29T12:15:11+00:00\",\"breadcrumb\":{\"@id\":\"https:\/\/www.thailand-mit-kindern.de\/#breadcrumb\"},\"inLanguage\":\"de\",\"potentialAction\":[{\"@type\":\"ReadAction\",\"target\":[\"https:\/\/www.thailand-mit-kindern.de\/\"]}]},{\"@type\":\"BreadcrumbList\",\"@id\":\"https:\/\/www.thailand-mit-kindern.de\/#breadcrumb\",\"itemListElement\":[{\"@type\":\"ListItem\",\"position\":1,\"name\":\"Startseite\",\"item\":\"https:\/\/www.thailand-mit-kindern.de\/\"},{\"@type\":\"ListItem\",\"position\":2,\"name\":\"Der Sonne entgegen\"}]},{\"@type\":\"WebSite\",\"@id\":\"https:\/\/www.thailand-mit-kindern.de\/#website\",\"url\":\"https:\/\/www.thailand-mit-kindern.de\/\",\"name\":\"Thailand mit Kindern\",\"description\":\"Der Sonne entgegen\",\"potentialAction\":[{\"@type\":\"SearchAction\",\"target\":{\"@type\":\"EntryPoint\",\"urlTemplate\":\"https:\/\/www.thailand-mit-kindern.de\/?s={search_term_string}\"},\"query-input\":\"required name=search_term_string\"}],\"inLanguage\":\"de\"}]}<\/script>\n<!-- \/ Yoast SEO plugin. -->","yoast_head_json":{"title":"Der Sonne entgegen - Thailand mit Kindern","robots":{"index":"index","follow":"follow","max-snippet":"max-snippet:-1","max-image-preview":"max-image-preview:large","max-video-preview":"max-video-preview:-1"},"canonical":"https:\/\/www.thailand-mit-kindern.de\/","og_locale":"de_DE","og_type":"article","og_title":"Der Sonne entgegen - Thailand mit Kindern","og_description":"Hallo, ich bin Fenderbender aus Berlin. Auf dem Foto seht ihr mich mit meiner \u00e4ltesten Tochter w\u00e4hrend des Chinesischen Neujahrsfestes zum Jahr des Drachen, aufgenommen in Bangkok&#8217;s Chinatown. Damit sind wir auch schon beim Thema: Im Januar 2012 habe ich &hellip; Weiterlesen &rarr;","og_url":"https:\/\/www.thailand-mit-kindern.de\/","og_site_name":"Thailand mit Kindern","article_modified_time":"2012-05-29T12:15:11+00:00","og_image":[{"url":"http:\/\/www.thailand-mit-kindern.de\/wp-content\/uploads\/2012\/01\/IMG_4418bb-200x300.jpg"}],"twitter_card":"summary_large_image","twitter_misc":{"Gesch\u00e4tzte Lesezeit":"1\u00a0Minute"},"schema":{"@context":"https:\/\/schema.org","@graph":[{"@type":"WebPage","@id":"https:\/\/www.thailand-mit-kindern.de\/","url":"https:\/\/www.thailand-mit-kindern.de\/","name":"Der Sonne entgegen - Thailand mit Kindern","isPartOf":{"@id":"https:\/\/www.thailand-mit-kindern.de\/#website"},"datePublished":"2012-01-30T09:45:49+00:00","dateModified":"2012-05-29T12:15:11+00:00","breadcrumb":{"@id":"https:\/\/www.thailand-mit-kindern.de\/#breadcrumb"},"inLanguage":"de","potentialAction":[{"@type":"ReadAction","target":["https:\/\/www.thailand-mit-kindern.de\/"]}]},{"@type":"BreadcrumbList","@id":"https:\/\/www.thailand-mit-kindern.de\/#breadcrumb","itemListElement":[{"@type":"ListItem","position":1,"name":"Startseite","item":"https:\/\/www.thailand-mit-kindern.de\/"},{"@type":"ListItem","position":2,"name":"Der Sonne entgegen"}]},{"@type":"WebSite","@id":"https:\/\/www.thailand-mit-kindern.de\/#website","url":"https:\/\/www.thailand-mit-kindern.de\/","name":"Thailand mit Kindern","description":"Der Sonne entgegen","potentialAction":[{"@type":"SearchAction","target":{"@type":"EntryPoint","urlTemplate":"https:\/\/www.thailand-mit-kindern.de\/?s={search_term_string}"},"query-input":"required name=search_term_string"}],"inLanguage":"de"}]}},"_links":{"self":[{"href":"https:\/\/www.thailand-mit-kindern.de\/index.php?rest_route=\/wp\/v2\/pages\/359"}],"collection":[{"href":"https:\/\/www.thailand-mit-kindern.de\/index.php?rest_route=\/wp\/v2\/pages"}],"about":[{"href":"https:\/\/www.thailand-mit-kindern.de\/index.php?rest_route=\/wp\/v2\/types\/page"}],"author":[{"embeddable":true,"href":"https:\/\/www.thailand-mit-kindern.de\/index.php?rest_route=\/wp\/v2\/users\/2"}],"replies":[{"embeddable":true,"href":"https:\/\/www.thailand-mit-kindern.de\/index.php?rest_route=%2Fwp%2Fv2%2Fcomments&post=359"}],"version-history":[{"count":45,"href":"https:\/\/www.thailand-mit-kindern.de\/index.php?rest_route=\/wp\/v2\/pages\/359\/revisions"}],"predecessor-version":[{"id":370,"href":"https:\/\/www.thailand-mit-kindern.de\/index.php?rest_route=\/wp\/v2\/pages\/359\/revisions\/370"}],"wp:attachment":[{"href":"https:\/\/www.thailand-mit-kindern.de\/index.php?rest_route=%2Fwp%2Fv2%2Fmedia&parent=359"}],"curies":[{"name":"wp","href":"https:\/\/api.w.org\/{rel}","templated":true}]}}